{"id":2975,"date":"2014-10-15T12:59:47","date_gmt":"2014-10-15T09:59:47","guid":{"rendered":"https:\/\/vitguardgroup.com\/front-page\/"},"modified":"2025-06-03T18:51:10","modified_gmt":"2025-06-03T15:51:10","slug":"front-page","status":"publish","type":"page","link":"https:\/\/vitguardgroup.com\/ro\/","title":{"rendered":"Prima pagina"},"content":{"rendered":"<div id=\"pl-2975\"  class=\"panel-layout\" ><div id=\"pg-2975-0\"  class=\"panel-grid panel-no-style\" ><div id=\"pgc-2975-0-0\"  class=\"panel-grid-cell panel-grid-cell-empty\" ><\/div><\/div><div id=\"pg-2975-1\"  class=\"panel-grid panel-no-style\" ><div id=\"pgc-2975-1-0\"  class=\"panel-grid-cell\" ><div id=\"panel-2975-1-0-0\" class=\"so-panel widget widget_pt_icon_box widget-icon-box panel-first-child panel-last-child\" data-index=\"0\" >\t\t\t<div class=\"icon-box\">\n\t\t\t\t\t\t\t<i class=\"fa  fa-users  fa-3x\"><\/i>\n\t\t\t\t<div class=\"icon-box__text\">\n\t\t\t\t\t<h4 class=\"icon-box__title\">Abordare individual\u0103<\/h4>\n\t\t\t\t\t<span class=\"icon-box__subtitle\">O experien\u021b\u0103 real\u0103 \u00een \u00eendeplinirea contractelor de comer\u021b exterior pentru furnizarea de produse, inclusiv \u00een diverse regimuri vamale<\/span>\n\t\t\t\t<\/div>\n\t\t\t<\/div>\n\t\t\t<\/div><\/div><div id=\"pgc-2975-1-1\"  class=\"panel-grid-cell\" ><div id=\"panel-2975-1-1-0\" class=\"so-panel widget widget_pt_icon_box widget-icon-box panel-first-child panel-last-child\" data-index=\"1\" >\t\t\t<div class=\"icon-box\">\n\t\t\t\t\t\t\t<i class=\"fa  fa-warning  fa-3x\"><\/i>\n\t\t\t\t<div class=\"icon-box__text\">\n\t\t\t\t\t<h4 class=\"icon-box__title\">Aten\u021bie la detalii<\/h4>\n\t\t\t\t\t<span class=\"icon-box__subtitle\">Practica de succes a cooper\u0103rii cu reprezentan\u021bii vamali<\/span>\n\t\t\t\t<\/div>\n\t\t\t<\/div>\n\t\t\t<\/div><\/div><div id=\"pgc-2975-1-2\"  class=\"panel-grid-cell\" ><div id=\"panel-2975-1-2-0\" class=\"so-panel widget widget_pt_icon_box widget-icon-box panel-first-child panel-last-child\" data-index=\"2\" >\t\t\t<div class=\"icon-box\">\n\t\t\t\t\t\t\t<i class=\"fa  fa-suitcase  fa-3x\"><\/i>\n\t\t\t\t<div class=\"icon-box__text\">\n\t\t\t\t\t<h4 class=\"icon-box__title\">Apreciem rela\u021biile de afaceri<\/h4>\n\t\t\t\t\t<span class=\"icon-box__subtitle\">Parteneriatul strategic pe termen lung cu cele mai importante companii interna\u021bionale de transport \u0219i logistic\u0103, ceea ce ne permite s\u0103 oferim clien\u021bilor no\u0219tri tarife optime pentru transport<\/span>\n\t\t\t\t<\/div>\n\t\t\t<\/div>\n\t\t\t<\/div><\/div><div id=\"pgc-2975-1-3\"  class=\"panel-grid-cell\" ><div id=\"panel-2975-1-3-0\" class=\"so-panel widget widget_pt_icon_box widget-icon-box panel-first-child panel-last-child\" data-index=\"3\" >\t\t\t<div class=\"icon-box\">\n\t\t\t\t\t\t\t<i class=\"fa  fa-sitemap  fa-3x\"><\/i>\n\t\t\t\t<div class=\"icon-box__text\">\n\t\t\t\t\t<h4 class=\"icon-box__title\">Parteneri din \u00eentreaga lume<\/h4>\n\t\t\t\t\t<span class=\"icon-box__subtitle\">Rela\u021bii bine stabilite cu camerele de comer\u021b \u0219i industrie din Europa \u0219i America de Nord, ceea ce faciliteaz\u0103 c\u0103utarea rapid\u0103 a furnizorilor \u0219i verificarea prompt\u0103 a fiabilit\u0103\u021bii \u0219i solvabilit\u0103\u021bii financiare a acestora<\/span>\n\t\t\t\t<\/div>\n\t\t\t<\/div>\n\t\t\t<\/div><\/div><\/div><div id=\"pg-2975-2\"  class=\"panel-grid panel-no-style\" ><div id=\"pgc-2975-2-0\"  class=\"panel-grid-cell\" ><div id=\"panel-2975-2-0-0\" class=\"so-panel widget widget_pt_featured_page widget-featured-page panel-first-child panel-last-child\" data-index=\"4\" >\t\t\t\t<div class=\"page-box page-box--block post-2975 page type-page status-publish hentry\">\n\t\t\t\t\t\t\t\t\t\t\t\t\t\t\t<a class=\"page-box__picture\" href=\"https:\/\/vitguardgroup.com\/ro\/serviciile-noastre\/gasirea-furnizorilor\/\"><img loading=\"lazy\" decoding=\"async\" src=\"https:\/\/vitguardgroup.com\/wp-content\/uploads\/2025\/06\/finding_cr-360x202.jpg\" width=\"360\" height=\"202\" srcset=\"https:\/\/vitguardgroup.com\/wp-content\/uploads\/2025\/06\/finding_cr-360x202.jpg 360w, https:\/\/vitguardgroup.com\/wp-content\/uploads\/2025\/06\/finding_cr.jpg 800w\" sizes=\"(min-width: 992px) 360px, calc(100vw - 30px)\" class=\"wp-post-image\" alt=\"G\u0103sirea furnizorilor\"><\/a>\n\t\t\t\t\t\t\t\t\t\t\t\t\t\t<div class=\"page-box__content\">\n\t\t\t\t\t\t<h5 class=\"page-box__title  text-uppercase\"><a href=\"https:\/\/vitguardgroup.com\/ro\/serviciile-noastre\/gasirea-furnizorilor\/\">G\u0103sirea furnizorilor<\/a><\/h5>\n\t\t\t\t\t\t<p>Looking for a products supplier that you need does not seem to be a difficult task if you have the Internet at your fingertips and many years of experience and a large list of contacts of time-tested partners. <\/p>\n\t\t\t\t\t\t\t\t\t\t\t\t\t<p><a href=\"https:\/\/vitguardgroup.com\/ro\/serviciile-noastre\/gasirea-furnizorilor\/\" class=\"read-more  read-more--page-box\">Read more<\/a><\/p>\n\t\t\t\t\t\t\t\t\t\t\t<\/div>\n\t\t\t\t<\/div>\n\n\t\t\t<\/div><\/div><div id=\"pgc-2975-2-1\"  class=\"panel-grid-cell\" ><div id=\"panel-2975-2-1-0\" class=\"so-panel widget widget_pt_featured_page widget-featured-page panel-first-child panel-last-child\" data-index=\"5\" >\t\t\t\t<div class=\"page-box page-box--block post-2975 page type-page status-publish hentry\">\n\t\t\t\t\t\t\t\t\t\t\t\t\t\t\t<a class=\"page-box__picture\" href=\"https:\/\/vitguardgroup.com\/ro\/serviciile-noastre\/vamuire-in-vama\/\"><img loading=\"lazy\" decoding=\"async\" src=\"https:\/\/vitguardgroup.com\/wp-content\/uploads\/2025\/06\/custom-new-360x202.jpg\" width=\"360\" height=\"202\" srcset=\"https:\/\/vitguardgroup.com\/wp-content\/uploads\/2025\/06\/custom-new-360x202.jpg 360w, https:\/\/vitguardgroup.com\/wp-content\/uploads\/2025\/06\/custom-new.jpg 800w\" sizes=\"(min-width: 992px) 360px, calc(100vw - 30px)\" class=\"wp-post-image\" alt=\"V\u0103muire \u00een vam\u0103\"><\/a>\n\t\t\t\t\t\t\t\t\t\t\t\t\t\t<div class=\"page-box__content\">\n\t\t\t\t\t\t<h5 class=\"page-box__title  text-uppercase\"><a href=\"https:\/\/vitguardgroup.com\/ro\/serviciile-noastre\/vamuire-in-vama\/\">V\u0103muire \u00een vam\u0103<\/a><\/h5>\n\t\t\t\t\t\t<p>Constant reforming of the customs system as a whole, makes it necessary to carefully consider the choice of the place of customs clearance. <\/p>\n\t\t\t\t\t\t\t\t\t\t\t\t\t<p><a href=\"https:\/\/vitguardgroup.com\/ro\/serviciile-noastre\/vamuire-in-vama\/\" class=\"read-more  read-more--page-box\">Read more<\/a><\/p>\n\t\t\t\t\t\t\t\t\t\t\t<\/div>\n\t\t\t\t<\/div>\n\n\t\t\t<\/div><\/div><div id=\"pgc-2975-2-2\"  class=\"panel-grid-cell\" ><div id=\"panel-2975-2-2-0\" class=\"so-panel widget widget_pt_featured_page widget-featured-page panel-first-child panel-last-child\" data-index=\"6\" >\t\t\t\t<div class=\"page-box page-box--block post-2975 page type-page status-publish hentry\">\n\t\t\t\t\t\t\t\t\t\t\t\t\t\t\t<a class=\"page-box__picture\" href=\"https:\/\/vitguardgroup.com\/ro\/serviciile-noastre\/transport-international\/\"><img loading=\"lazy\" decoding=\"async\" src=\"https:\/\/vitguardgroup.com\/wp-content\/uploads\/2025\/06\/truck-360x202.jpg\" width=\"360\" height=\"202\" srcset=\"https:\/\/vitguardgroup.com\/wp-content\/uploads\/2025\/06\/truck-360x202.jpg 360w, https:\/\/vitguardgroup.com\/wp-content\/uploads\/2025\/06\/truck.jpg 800w\" sizes=\"(min-width: 992px) 360px, calc(100vw - 30px)\" class=\"wp-post-image\" alt=\"Transport interna\u021bional\"><\/a>\n\t\t\t\t\t\t\t\t\t\t\t\t\t\t<div class=\"page-box__content\">\n\t\t\t\t\t\t<h5 class=\"page-box__title  text-uppercase\"><a href=\"https:\/\/vitguardgroup.com\/ro\/serviciile-noastre\/transport-international\/\">Transport interna\u021bional<\/a><\/h5>\n\t\t\t\t\t\t<p>We are ready to offer services for international transportation of your cargo. And, it can be both small consignments and full containers. <\/p>\n\t\t\t\t\t\t\t\t\t\t\t\t\t<p><a href=\"https:\/\/vitguardgroup.com\/ro\/serviciile-noastre\/transport-international\/\" class=\"read-more  read-more--page-box\">Read more<\/a><\/p>\n\t\t\t\t\t\t\t\t\t\t\t<\/div>\n\t\t\t\t<\/div>\n\n\t\t\t<\/div><\/div><div id=\"pgc-2975-2-3\"  class=\"panel-grid-cell\" ><div id=\"panel-2975-2-3-0\" class=\"so-panel widget widget_pt_featured_page widget-featured-page panel-first-child panel-last-child\" data-index=\"7\" >\t\t\t\t<div class=\"page-box page-box--block post-2975 page type-page status-publish hentry\">\n\t\t\t\t\t\t\t\t\t\t\t\t\t\t\t<a class=\"page-box__picture\" href=\"https:\/\/vitguardgroup.com\/ro\/serviciile-noastre\/servicii-de-comert-exterior\/\"><img loading=\"lazy\" decoding=\"async\" src=\"https:\/\/vitguardgroup.com\/wp-content\/uploads\/2025\/06\/foreign-360x202.jpg\" width=\"360\" height=\"202\" srcset=\"https:\/\/vitguardgroup.com\/wp-content\/uploads\/2025\/06\/foreign-360x202.jpg 360w, https:\/\/vitguardgroup.com\/wp-content\/uploads\/2025\/06\/foreign.jpg 800w\" sizes=\"(min-width: 992px) 360px, calc(100vw - 30px)\" class=\"wp-post-image\" alt=\"Servicii de comer\u021b exterior\"><\/a>\n\t\t\t\t\t\t\t\t\t\t\t\t\t\t<div class=\"page-box__content\">\n\t\t\t\t\t\t<h5 class=\"page-box__title  text-uppercase\"><a href=\"https:\/\/vitguardgroup.com\/ro\/serviciile-noastre\/servicii-de-comert-exterior\/\">Servicii de comer\u021b exterior<\/a><\/h5>\n\t\t\t\t\t\t<p>To solve the tasks set by our clients, we are always ready to apply and share our knowledge and experience gained in the course of practical work. <\/p>\n\t\t\t\t\t\t\t\t\t\t\t\t\t<p><a href=\"https:\/\/vitguardgroup.com\/ro\/serviciile-noastre\/servicii-de-comert-exterior\/\" class=\"read-more  read-more--page-box\">Read more<\/a><\/p>\n\t\t\t\t\t\t\t\t\t\t\t<\/div>\n\t\t\t\t<\/div>\n\n\t\t\t<\/div><\/div><\/div><div id=\"pg-2975-3\"  class=\"panel-grid panel-has-style\" ><div class=\"siteorigin-panels-stretch panel-row-style panel-row-style-for-2975-3\" data-stretch-type=\"full\" ><div id=\"pgc-2975-3-0\"  class=\"panel-grid-cell\" ><div id=\"panel-2975-3-0-0\" class=\"so-panel widget widget_pt_banner widget-banner panel-first-child panel-last-child\" data-index=\"8\" ><div class=\"panel-widget-style panel-widget-style-for-2975-3-0-0\" >\t\t\t\t<div class=\"banner__text\">\n\t\t\t\t\tC\u0103uta\u021bi un expert de \u00eencredere \u00een comer\u021b exterior? Contacta\u021bi-ne \u0219i ob\u021bine\u021bi o consulta\u021bie gratuit\u0103 acum?\t\t\t\t<\/div>\n\t\t\t\t<div class=\"banner__buttons\">\n\t\t\t\t\t<a class=\"btn  btn-primary\" href=\"\/ro\/informatii-de-contact\/\" target=\"_self\">OB\u021aINE O CONSULTARE<\/a>\t\t\t\t<\/div>\n\t\t\t<\/div><\/div><\/div><\/div><\/div><div id=\"pg-2975-4\"  class=\"panel-grid panel-no-style\" ><div id=\"pgc-2975-4-0\"  class=\"panel-grid-cell\" ><div id=\"panel-2975-4-0-0\" class=\"so-panel widget widget_sow-editor panel-first-child\" data-index=\"9\" ><div\n\t\t\t\n\t\t\tclass=\"so-widget-sow-editor so-widget-sow-editor-base\"\n\t\t\t\n\t\t><h3 class=\"widget-title\">Cine Suntem Noi?<\/h3>\n<div class=\"siteorigin-widget-tinymce textwidget\">\n\t<p><a href=\"https:\/\/vitguardgroup.com\/wp-content\/uploads\/2025\/06\/what-we-do.jpg\"><img loading=\"lazy\" decoding=\"async\" class=\"alignleft wp-image-115 size-medium\" src=\"https:\/\/vitguardgroup.com\/wp-content\/uploads\/2025\/06\/what-we-do.jpg\" alt=\"Cargo ship\" width=\"300\" height=\"168\" \/><\/a><\/p>\n<p>VITGUARD GROUP SRL este specializat\u0103 \u00een organizarea exporturilor \u0219i importurilor de produse, tehnologii \u0219i servicii, inclusiv cele din industria de ap\u0103rare \u0219i constructoare de ma\u0219ini, precum \u0219i cele ale produc\u0103torilor din Europa, SUA \u0219i din \u00eentreaga lume.<\/p>\n<\/div>\n<\/div><\/div><div id=\"panel-2975-4-0-1\" class=\"so-panel widget widget_sow-editor panel-last-child\" data-index=\"10\" ><div\n\t\t\t\n\t\t\tclass=\"so-widget-sow-editor so-widget-sow-editor-base\"\n\t\t\t\n\t\t><h3 class=\"widget-title\">Ce S\u0103 Facem?<\/h3>\n<div class=\"siteorigin-widget-tinymce textwidget\">\n\t<p><a href=\"https:\/\/vitguardgroup.com\/wp-content\/uploads\/2025\/06\/our-team.jpg\"><img loading=\"lazy\" decoding=\"async\" class=\"alignleft wp-image-115 size-medium\" src=\"https:\/\/vitguardgroup.com\/wp-content\/uploads\/2025\/06\/our-team.jpg\" alt=\"Cargo services\" width=\"300\" height=\"168\" \/><\/a>Dac\u0103 ne imagin\u0103m o tranzac\u021bie de comer\u021b exterior, \u00eentregul proces poate fi \u00eemp\u0103r\u021bit \u00een urm\u0103toarele etape:<\/p>\n<ul>\n<li>stabilirea contactelor cu poten\u021bialii parteneri \u00een cadrul tranzac\u021biei (c\u0103utarea acestora);<\/li>\n<li>plasarea unei comenzi\/preg\u0103tirea unui contract;<\/li>\n<li>convenirea asupra modalit\u0103\u021bii de livrare \u0219i asigurarea decont\u0103rilor \u00een cadrul contractului;<\/li>\n<li>livrarea direct\u0103 a m\u0103rfurilor la locul de destina\u021bie (inclusiv ob\u021binerea permiselor necesare \u0219i v\u0103muirea).<\/li>\n<\/ul>\n<p>Obiectivul strategic al companiei noastre este realizarea c\u00e2t mai eficient\u0103 a unei tranzac\u021bii comerciale cu parteneri str\u0103ini pentru client. De asemenea, speciali\u0219tii VITGUARD GROUP SRL pot fi implica\u021bi prompt \u00een procesul de livrare \u00een oricare dintre etapele men\u021bionate mai sus.<\/p>\n<\/div>\n<\/div><\/div><\/div><div id=\"pgc-2975-4-1\"  class=\"panel-grid-cell\" ><div id=\"panel-2975-4-1-0\" class=\"so-panel widget widget_sow-editor panel-first-child\" data-index=\"11\" ><div\n\t\t\t\n\t\t\tclass=\"so-widget-sow-editor so-widget-sow-editor-base\"\n\t\t\t\n\t\t><h3 class=\"widget-title\">De Ce S\u0103 Ne Alege\u021bi<\/h3>\n<div class=\"siteorigin-widget-tinymce textwidget\">\n\t<h5><span style=\"color: #fcc71f;\"><br \/>\n<span class=\"icon-container\"><span class=\"fa fa-check\"><\/span><\/span><\/span> EXPERIEN\u021a\u0102 LUNGA \u00ceN EXECUTAREA PROIECTELOR<\/h5>\n<p>VITGUARD GROUP SRL are o experien\u021b\u0103 destul de vast\u0103 \u00een executarea de proiecte de diferite tipuri \u0219i complexit\u0103\u021bi. VITGUARD GROUP \u00eentre\u021bine rela\u021bii bune cu institu\u021bii publice din diferite \u021b\u0103ri ale lumii. Proiectele comune cu companii str\u0103ine \u00een domeniul industrial \u0219i \u00een alte domenii sunt considerate o prioritate a politicii companiei.<\/p>\n<h5><span style=\"color: #fcc71f;\"><br \/>\n<span class=\"icon-container\"><span class=\"fa fa-check\"><\/span><\/span><\/span> ABORDAREA ORIENTAT\u0102 PE CLIENT<\/h5>\n<p>Activitatea companiei se bazeaz\u0103 pe o abordare orientat\u0103 spre client \u0219i pe posibilitatea de a utiliza o re\u021bea unic\u0103 de contacte cu \u00eentreprinderi, procese de \u00eenalt\u0103 calitate \u00een domeniul achizi\u021biilor publice prin intermediul unei re\u021bele de parteneri la nivel interna\u021bional \u0219i a unei echipe de exper\u021bi de cea mai \u00eenalt\u0103 calificare.<\/p>\n<p>Oferim strategii simple care ne permit s\u0103 utiliz\u0103m solu\u021bii cheie pentru nevoile diverse ale clien\u021bilor no\u0219tri.<\/p>\n<h5><span style=\"color: #fcc71f;\"><br \/>\n<span class=\"icon-container\"><span class=\"fa fa-check\"><\/span><\/span><\/span> FLEXIBILITATE \u0218I CAPACITATE DE ADAPTARE LA CONDI\u021aIILE PIE\u021aEI<\/h5>\n<p>VITGUARD GROUP SRL ofer\u0103 clien\u021bilor s\u0103i o gam\u0103 larg\u0103 de servicii \u00een domeniul activit\u0103\u021bii economice externe.<\/p>\n<p>\u00centr-o situa\u021bie economic\u0103 \u0219i politic\u0103 \u00een continu\u0103 schimbare, afacerile care urm\u0103resc dezvoltarea eficient\u0103 \u0219i bun\u0103starea financiar\u0103 sunt obligate s\u0103 reac\u021bioneze rapid \u0219i competent la condi\u021biile \u00een continu\u0103 schimbare.<\/p>\n<h5><span style=\"color: #fcc71f;\"><span class=\"icon-container\"><span class=\"fa fa-check\"><\/span><\/span><\/span> CUNOA\u0218M NEVOILE CLIEN\u021aILOR NO\u0218TRI<\/h5>\n<p>Noi \u00een\u021belegem nevoile clien\u021bilor no\u0219tri, deoarece avem o experien\u021b\u0103 vast\u0103 \u00een comer\u021bul cu parteneri din \u00eentreaga lume.<\/p>\n<h5><\/h5>\n<\/div>\n<\/div><\/div><div id=\"panel-2975-4-1-1\" class=\"so-panel widget widget_sow-editor panel-last-child\" data-index=\"12\" ><div\n\t\t\t\n\t\t\tclass=\"so-widget-sow-editor so-widget-sow-editor-base\"\n\t\t\t\n\t\t>\n<div class=\"siteorigin-widget-tinymce textwidget\">\n\t<p>&nbsp;<\/p>\n<\/div>\n<\/div><\/div><\/div><\/div><div id=\"pg-2975-5\"  class=\"panel-grid panel-has-style\" ><div class=\"siteorigin-panels-stretch panel-row-style panel-row-style-for-2975-5\" data-stretch-type=\"full-width-stretch\" ><div id=\"pgc-2975-5-0\"  class=\"panel-grid-cell\" >\n\t\t\t<div id=\"panel-2975-5-0-0\" class=\"so-panel widget widget_pt_google_map panel-first-child panel-last-child\" data-index=\"13\" >\t\t\t\t<div\n\t\t\t\t\tclass=\"simple-map  js-where-we-are\"\n\t\t\t\t\tdata-latlng=\"44.46114783855463, 26.09686336284088\"\n\t\t\t\t\tdata-markers=\"[{&quot;title&quot;:&quot;Strada Constantin Aricescu, 18, Bucuresti, Romania&quot;,&quot;locationlatlng&quot;:&quot;44.46114783855463, 26.09686336284088&quot;,&quot;custompinimage&quot;:&quot;\\\/wp-content\\\/uploads\\\/2024\\\/02\\\/map_pin.png&quot;,&quot;id&quot;:&quot;1&quot;}]\"\n\t\t\t\t\tdata-zoom=\"12\"\n\t\t\t\t\tdata-type=\"roadmap\"\n\t\t\t\t\tdata-style=\"[{&quot;featureType&quot;:&quot;landscape&quot;,&quot;stylers&quot;:[{&quot;saturation&quot;:-100},{&quot;lightness&quot;:65},{&quot;visibility&quot;:&quot;on&quot;}]},{&quot;featureType&quot;:&quot;poi&quot;,&quot;stylers&quot;:[{&quot;saturation&quot;:-100},{&quot;lightness&quot;:51},{&quot;visibility&quot;:&quot;simplified&quot;}]},{&quot;featureType&quot;:&quot;road.highway&quot;,&quot;stylers&quot;:[{&quot;saturation&quot;:-100},{&quot;visibility&quot;:&quot;simplified&quot;}]},{&quot;featureType&quot;:&quot;road.arterial&quot;,&quot;stylers&quot;:[{&quot;saturation&quot;:-100},{&quot;lightness&quot;:30},{&quot;visibility&quot;:&quot;on&quot;}]},{&quot;featureType&quot;:&quot;road.local&quot;,&quot;stylers&quot;:[{&quot;saturation&quot;:-100},{&quot;lightness&quot;:40},{&quot;visibility&quot;:&quot;on&quot;}]},{&quot;featureType&quot;:&quot;transit&quot;,&quot;stylers&quot;:[{&quot;saturation&quot;:-100},{&quot;visibility&quot;:&quot;simplified&quot;}]},{&quot;featureType&quot;:&quot;administrative.province&quot;,&quot;stylers&quot;:[{&quot;visibility&quot;:&quot;off&quot;}]},{&quot;featureType&quot;:&quot;water&quot;,&quot;elementType&quot;:&quot;labels&quot;,&quot;stylers&quot;:[{&quot;visibility&quot;:&quot;on&quot;},{&quot;lightness&quot;:-25},{&quot;saturation&quot;:-100}]},{&quot;featureType&quot;:&quot;water&quot;,&quot;elementType&quot;:&quot;geometry&quot;,&quot;stylers&quot;:[{&quot;hue&quot;:&quot;#ffff00&quot;},{&quot;lightness&quot;:-25},{&quot;saturation&quot;:-97}]}]\"\n\t\t\t\t\tstyle=\"height: 250px;\"\n\t\t\t\t><\/div>\n\t\t\t<\/div>\n\t\t\t<\/div><\/div><\/div><\/div>","protected":false},"excerpt":{"rendered":"<p>Abordare individual\u0103 O experien\u021b\u0103 real\u0103 \u00een \u00eendeplinirea contractelor de comer\u021b exterior pentru furnizarea de produse, inclusiv \u00een diverse regimuri vamale Aten\u021bie la detalii Practica de succes a cooper\u0103rii cu reprezentan\u021bii vamali Apreciem rela\u021biile de afaceri Parteneriatul strategic pe termen lung cu cele mai importante companii interna\u021bionale de transport \u0219i logistic\u0103, ceea ce ne permite s\u0103 &hellip;<\/p>\n","protected":false},"author":1,"featured_media":0,"parent":0,"menu_order":0,"comment_status":"closed","ping_status":"closed","template":"template-front-page-slider.php","meta":{"_acf_changed":false,"footnotes":""},"acf":[],"aioseo_notices":[],"_links":{"self":[{"href":"https:\/\/vitguardgroup.com\/ro\/wp-json\/wp\/v2\/pages\/2975"}],"collection":[{"href":"https:\/\/vitguardgroup.com\/ro\/wp-json\/wp\/v2\/pages"}],"about":[{"href":"https:\/\/vitguardgroup.com\/ro\/wp-json\/wp\/v2\/types\/page"}],"author":[{"embeddable":true,"href":"https:\/\/vitguardgroup.com\/ro\/wp-json\/wp\/v2\/users\/1"}],"replies":[{"embeddable":true,"href":"https:\/\/vitguardgroup.com\/ro\/wp-json\/wp\/v2\/comments?post=2975"}],"version-history":[{"count":12,"href":"https:\/\/vitguardgroup.com\/ro\/wp-json\/wp\/v2\/pages\/2975\/revisions"}],"predecessor-version":[{"id":3085,"href":"https:\/\/vitguardgroup.com\/ro\/wp-json\/wp\/v2\/pages\/2975\/revisions\/3085"}],"wp:attachment":[{"href":"https:\/\/vitguardgroup.com\/ro\/wp-json\/wp\/v2\/media?parent=2975"}],"curies":[{"name":"wp","href":"https:\/\/api.w.org\/{rel}","templated":true}]}}