{"id":2972,"date":"2014-10-23T08:41:34","date_gmt":"2014-10-23T05:41:34","guid":{"rendered":"https:\/\/vitguardgroup.com\/search-for-suppliers\/"},"modified":"2025-06-03T16:46:39","modified_gmt":"2025-06-03T13:46:39","slug":"gasirea-furnizorilor","status":"publish","type":"page","link":"https:\/\/vitguardgroup.com\/ro\/serviciile-noastre\/gasirea-furnizorilor\/","title":{"rendered":"G\u0103sirea furnizorilor"},"content":{"rendered":"<div id=\"pl-2972\"  class=\"panel-layout\" ><div id=\"pg-2972-0\"  class=\"panel-grid panel-no-style\" ><div id=\"pgc-2972-0-0\"  class=\"panel-grid-cell\" ><div id=\"panel-2972-0-0-0\" class=\"so-panel widget widget_sow-editor panel-first-child panel-last-child\" data-index=\"0\" ><div\n\t\t\t\n\t\t\tclass=\"so-widget-sow-editor so-widget-sow-editor-base\"\n\t\t\t\n\t\t>\n<div class=\"siteorigin-widget-tinymce textwidget\">\n\t<p>C\u0103utarea unui furnizor pentru bunurile de care ave\u021bi nevoie nu pare a fi o sarcin\u0103 dificil\u0103 dac\u0103 ave\u021bi la \u00eendem\u00e2n\u0103 internetul, mul\u021bi ani de experien\u021b\u0103 \u0219i o list\u0103 mare de contacte cu parteneri cu experien\u021b\u0103.<\/p>\n<p>Folosim \u0219i noi c\u0103utarea pe internet, dar prefer\u0103m, dac\u0103 este posibil, s\u0103 vizit\u0103m furnizorul \u00een persoan\u0103, s\u0103 ob\u021binem recomand\u0103ri de la camerele de comer\u021b \u0219i industrie, asocia\u021bii de afaceri sau pur \u0219i simplu profesioni\u0219ti din domeniul \u00een care vom c\u0103uta furnizorul potrivit. \u00cen plus, experien\u021ba ne arat\u0103 c\u0103 nu este \u00eentotdeauna u\u0219or s\u0103 facem distinc\u021bia \u00eentre un produc\u0103tor \u0219i un intermediar.<\/p>\n<\/div>\n<\/div><\/div><\/div><div id=\"pgc-2972-0-1\"  class=\"panel-grid-cell\" ><div id=\"panel-2972-0-1-0\" class=\"so-panel widget widget_sow-editor panel-first-child panel-last-child\" data-index=\"1\" ><div\n\t\t\t\n\t\t\tclass=\"so-widget-sow-editor so-widget-sow-editor-base\"\n\t\t\t\n\t\t>\n<div class=\"siteorigin-widget-tinymce textwidget\">\n\t<p><img loading=\"lazy\" decoding=\"async\" class=\"alignnone wp-image-2845 size-full\" src=\"https:\/\/vitguardgroup.com\/wp-content\/uploads\/2025\/06\/finding_cr.jpg\" alt=\"Finding suppliers\" width=\"800\" height=\"449\" \/><\/p>\n<\/div>\n<\/div><\/div><\/div><\/div><\/div>","protected":false},"excerpt":{"rendered":"<p>Looking for a products supplier that you need does not seem to be a difficult task if you have the Internet at your fingertips and many years of experience and a large list of contacts of time-tested partners.<\/p>\n","protected":false},"author":1,"featured_media":3048,"parent":2973,"menu_order":0,"comment_status":"closed","ping_status":"open","template":"","meta":{"_acf_changed":false,"footnotes":""},"acf":[],"aioseo_notices":[],"_links":{"self":[{"href":"https:\/\/vitguardgroup.com\/ro\/wp-json\/wp\/v2\/pages\/2972"}],"collection":[{"href":"https:\/\/vitguardgroup.com\/ro\/wp-json\/wp\/v2\/pages"}],"about":[{"href":"https:\/\/vitguardgroup.com\/ro\/wp-json\/wp\/v2\/types\/page"}],"author":[{"embeddable":true,"href":"https:\/\/vitguardgroup.com\/ro\/wp-json\/wp\/v2\/users\/1"}],"replies":[{"embeddable":true,"href":"https:\/\/vitguardgroup.com\/ro\/wp-json\/wp\/v2\/comments?post=2972"}],"version-history":[{"count":2,"href":"https:\/\/vitguardgroup.com\/ro\/wp-json\/wp\/v2\/pages\/2972\/revisions"}],"predecessor-version":[{"id":3050,"href":"https:\/\/vitguardgroup.com\/ro\/wp-json\/wp\/v2\/pages\/2972\/revisions\/3050"}],"up":[{"embeddable":true,"href":"https:\/\/vitguardgroup.com\/ro\/wp-json\/wp\/v2\/pages\/2973"}],"wp:featuredmedia":[{"embeddable":true,"href":"https:\/\/vitguardgroup.com\/ro\/wp-json\/wp\/v2\/media\/3048"}],"wp:attachment":[{"href":"https:\/\/vitguardgroup.com\/ro\/wp-json\/wp\/v2\/media?parent=2972"}],"curies":[{"name":"wp","href":"https:\/\/api.w.org\/{rel}","templated":true}]}}