{"id":2971,"date":"2014-10-23T09:15:25","date_gmt":"2014-10-23T06:15:25","guid":{"rendered":"https:\/\/vitguardgroup.com\/customs-clearance\/"},"modified":"2025-06-03T18:56:53","modified_gmt":"2025-06-03T15:56:53","slug":"vamuire-in-vama","status":"publish","type":"page","link":"https:\/\/vitguardgroup.com\/ro\/serviciile-noastre\/vamuire-in-vama\/","title":{"rendered":"V\u0103muire \u00een vam\u0103"},"content":{"rendered":"<div id=\"pl-2971\"  class=\"panel-layout\" ><div id=\"pg-2971-0\"  class=\"panel-grid panel-no-style\" ><div id=\"pgc-2971-0-0\"  class=\"panel-grid-cell\" ><div id=\"panel-2971-0-0-0\" class=\"so-panel widget widget_sow-editor panel-first-child panel-last-child\" data-index=\"0\" ><div\n\t\t\t\n\t\t\tclass=\"so-widget-sow-editor so-widget-sow-editor-base\"\n\t\t\t\n\t\t>\n<div class=\"siteorigin-widget-tinymce textwidget\">\n\t<p><img loading=\"lazy\" decoding=\"async\" class=\"alignnone wp-image-2847 size-full\" src=\"https:\/\/vitguardgroup.com\/wp-content\/uploads\/2025\/06\/custom-new.jpg\" alt=\"Customs clearance\" width=\"800\" height=\"449\" \/><\/p>\n<\/div>\n<\/div><\/div><\/div><div id=\"pgc-2971-0-1\"  class=\"panel-grid-cell\" ><div id=\"panel-2971-0-1-0\" class=\"so-panel widget widget_sow-editor panel-first-child panel-last-child\" data-index=\"1\" ><div\n\t\t\t\n\t\t\tclass=\"so-widget-sow-editor so-widget-sow-editor-base\"\n\t\t\t\n\t\t>\n<div class=\"siteorigin-widget-tinymce textwidget\">\n\t<p>V\u0103muire. Reformarea constant\u0103 a sistemului vamal \u00een ansamblul s\u0103u face necesar\u0103 o analiz\u0103 atent\u0103 a alegerii locului de v\u0103muire.<\/p>\n<\/div>\n<\/div><\/div><\/div><\/div><\/div>","protected":false},"excerpt":{"rendered":"<p>Constant reforming of the customs system as a whole, makes it necessary to carefully consider the choice of the place of customs clearance.<\/p>\n","protected":false},"author":1,"featured_media":3087,"parent":2973,"menu_order":0,"comment_status":"closed","ping_status":"closed","template":"","meta":{"_acf_changed":false,"footnotes":""},"acf":[],"aioseo_notices":[],"_links":{"self":[{"href":"https:\/\/vitguardgroup.com\/ro\/wp-json\/wp\/v2\/pages\/2971"}],"collection":[{"href":"https:\/\/vitguardgroup.com\/ro\/wp-json\/wp\/v2\/pages"}],"about":[{"href":"https:\/\/vitguardgroup.com\/ro\/wp-json\/wp\/v2\/types\/page"}],"author":[{"embeddable":true,"href":"https:\/\/vitguardgroup.com\/ro\/wp-json\/wp\/v2\/users\/1"}],"replies":[{"embeddable":true,"href":"https:\/\/vitguardgroup.com\/ro\/wp-json\/wp\/v2\/comments?post=2971"}],"version-history":[{"count":4,"href":"https:\/\/vitguardgroup.com\/ro\/wp-json\/wp\/v2\/pages\/2971\/revisions"}],"predecessor-version":[{"id":3089,"href":"https:\/\/vitguardgroup.com\/ro\/wp-json\/wp\/v2\/pages\/2971\/revisions\/3089"}],"up":[{"embeddable":true,"href":"https:\/\/vitguardgroup.com\/ro\/wp-json\/wp\/v2\/pages\/2973"}],"wp:featuredmedia":[{"embeddable":true,"href":"https:\/\/vitguardgroup.com\/ro\/wp-json\/wp\/v2\/media\/3087"}],"wp:attachment":[{"href":"https:\/\/vitguardgroup.com\/ro\/wp-json\/wp\/v2\/media?parent=2971"}],"curies":[{"name":"wp","href":"https:\/\/api.w.org\/{rel}","templated":true}]}}