{"id":2970,"date":"2014-10-23T09:22:51","date_gmt":"2014-10-23T06:22:51","guid":{"rendered":"https:\/\/vitguardgroup.com\/foreign-trade-services\/"},"modified":"2025-06-03T16:56:13","modified_gmt":"2025-06-03T13:56:13","slug":"servicii-de-comert-exterior","status":"publish","type":"page","link":"https:\/\/vitguardgroup.com\/ro\/serviciile-noastre\/servicii-de-comert-exterior\/","title":{"rendered":"Servicii de comer\u021b exterior"},"content":{"rendered":"<div id=\"pl-2970\"  class=\"panel-layout\" ><div id=\"pg-2970-0\"  class=\"panel-grid panel-no-style\" ><div id=\"pgc-2970-0-0\"  class=\"panel-grid-cell\" ><div id=\"panel-2970-0-0-0\" class=\"so-panel widget widget_sow-editor panel-first-child panel-last-child\" data-index=\"0\" ><div\n\t\t\t\n\t\t\tclass=\"so-widget-sow-editor so-widget-sow-editor-base\"\n\t\t\t\n\t\t>\n<div class=\"siteorigin-widget-tinymce textwidget\">\n\t<p><img loading=\"lazy\" decoding=\"async\" class=\"alignnone wp-image-2851 size-full\" src=\"https:\/\/vitguardgroup.com\/wp-content\/uploads\/2025\/06\/foreign.jpg\" alt=\"Foreign trade consulting\" width=\"800\" height=\"449\" \/><\/p>\n<figure id=\"attachment_2853\" class=\"wp-caption alignnone\" style=\"width: 800px;\" aria-describedby=\"caption-attachment-2853\"><img loading=\"lazy\" decoding=\"async\" class=\"wp-image-2853 size-full\" src=\"https:\/\/vitguardgroup.com\/wp-content\/uploads\/2025\/06\/international-trade.jpg\" alt=\"Foreign trade consulting\" width=\"800\" height=\"449\" \/><\/figure>\n<\/div>\n<\/div><\/div><\/div><div id=\"pgc-2970-0-1\"  class=\"panel-grid-cell\" ><div id=\"panel-2970-0-1-0\" class=\"so-panel widget widget_sow-editor panel-first-child panel-last-child\" data-index=\"1\" ><div\n\t\t\t\n\t\t\tclass=\"so-widget-sow-editor so-widget-sow-editor-base\"\n\t\t\t\n\t\t>\n<div class=\"siteorigin-widget-tinymce textwidget\">\n\t<p>Pentru a rezolva sarcinile stabilite de c\u0103tre clien\u021bii no\u0219tri, suntem \u00eentotdeauna gata s\u0103 aplic\u0103m \u0219i s\u0103 \u00eemp\u0103rt\u0103\u0219im cuno\u0219tin\u021bele \u0219i experien\u021ba acumulate \u00een cursul activit\u0103\u021bii practice.<\/p>\n<p>Analiza preliminar\u0103 a proiectului \u00een fazele sale timpurii ne permite s\u0103 identific\u0103m \u0219i s\u0103 elimin\u0103m punctele care pot duce la riscul de a \u00eenc\u0103lca legile aplicabile sau de a cre\u0219te costurile financiare \u0219i de timp.<\/p>\n<p><strong>Iat\u0103 doar o list\u0103 a celor mai populare solicit\u0103ri ale clien\u021bilor no\u0219tri:<\/strong><\/p>\n<ul>\n<li>elaborarea unui algoritm pas cu pas al unei tranzac\u021bii de comer\u021b exterior;<\/li>\n<li>necesitatea, procedura \u0219i practica de ob\u021binere a permiselor necesare;<\/li>\n<li>asisten\u021b\u0103 \u00een efectuarea tranzac\u021biilor de comer\u021b exterior care implic\u0103 achizi\u021bionarea \u0219i v\u00e2nzarea ulterioar\u0103 a m\u0103rfurilor \u00een str\u0103in\u0103tate f\u0103r\u0103 importul acestora pe teritoriul vamal al statului;<\/li>\n<li>analiza cuprinz\u0103toare a contractelor de comer\u021b exterior;<\/li>\n<li>ac\u021bion\u0103m ca intermediari \u0219i dealeri \u00een realizarea proiectelor.<\/li>\n<\/ul>\n<p>\u00cenc\u0103 de la \u00eenfiin\u021barea noastr\u0103, am aderat \u00een mod clar la trei principii de baz\u0103 de func\u021bionare:<\/p>\n<ol>\n<li>Transparen\u021b\u0103.<\/li>\n<li>3. Profesionalism.<\/li>\n<li>3. \u00cencredere.<\/li>\n<\/ol>\n<p>Credem c\u0103 colaborarea cu compania noastr\u0103 v\u0103 va ajuta s\u0103 ob\u021bine\u021bi un avantaj competitiv \u0219i s\u0103 \u00eembun\u0103t\u0103\u021bi\u021bi semnificativ capacit\u0103\u021bile cheie ale afacerii dumneavoastr\u0103.<\/p>\n<\/div>\n<\/div><\/div><\/div><\/div><\/div>","protected":false},"excerpt":{"rendered":"<p>To solve the tasks set by our clients, we are always ready to apply and share our knowledge and experience gained in the course of practical work.<\/p>\n","protected":false},"author":1,"featured_media":3060,"parent":2973,"menu_order":0,"comment_status":"closed","ping_status":"open","template":"","meta":{"_acf_changed":false,"footnotes":""},"acf":[],"aioseo_notices":[],"_links":{"self":[{"href":"https:\/\/vitguardgroup.com\/ro\/wp-json\/wp\/v2\/pages\/2970"}],"collection":[{"href":"https:\/\/vitguardgroup.com\/ro\/wp-json\/wp\/v2\/pages"}],"about":[{"href":"https:\/\/vitguardgroup.com\/ro\/wp-json\/wp\/v2\/types\/page"}],"author":[{"embeddable":true,"href":"https:\/\/vitguardgroup.com\/ro\/wp-json\/wp\/v2\/users\/1"}],"replies":[{"embeddable":true,"href":"https:\/\/vitguardgroup.com\/ro\/wp-json\/wp\/v2\/comments?post=2970"}],"version-history":[{"count":3,"href":"https:\/\/vitguardgroup.com\/ro\/wp-json\/wp\/v2\/pages\/2970\/revisions"}],"predecessor-version":[{"id":3065,"href":"https:\/\/vitguardgroup.com\/ro\/wp-json\/wp\/v2\/pages\/2970\/revisions\/3065"}],"up":[{"embeddable":true,"href":"https:\/\/vitguardgroup.com\/ro\/wp-json\/wp\/v2\/pages\/2973"}],"wp:featuredmedia":[{"embeddable":true,"href":"https:\/\/vitguardgroup.com\/ro\/wp-json\/wp\/v2\/media\/3060"}],"wp:attachment":[{"href":"https:\/\/vitguardgroup.com\/ro\/wp-json\/wp\/v2\/media?parent=2970"}],"curies":[{"name":"wp","href":"https:\/\/api.w.org\/{rel}","templated":true}]}}