{"id":2969,"date":"2014-10-23T09:24:42","date_gmt":"2014-10-23T06:24:42","guid":{"rendered":"https:\/\/vitguardgroup.com\/international-transportation\/"},"modified":"2025-06-03T16:50:25","modified_gmt":"2025-06-03T13:50:25","slug":"transport-international","status":"publish","type":"page","link":"https:\/\/vitguardgroup.com\/ro\/serviciile-noastre\/transport-international\/","title":{"rendered":"Transport interna\u021bional"},"content":{"rendered":"<div id=\"pl-2969\"  class=\"panel-layout\" ><div id=\"pg-2969-0\"  class=\"panel-grid panel-no-style\" ><div id=\"pgc-2969-0-0\"  class=\"panel-grid-cell\" ><div id=\"panel-2969-0-0-0\" class=\"so-panel widget widget_sow-editor panel-first-child panel-last-child\" data-index=\"0\" ><div\n\t\t\t\n\t\t\tclass=\"so-widget-sow-editor so-widget-sow-editor-base\"\n\t\t\t\n\t\t>\n<div class=\"siteorigin-widget-tinymce textwidget\">\n\t<p>\u00cen procesul unei tranzac\u021bii de comer\u021b exterior, costul \u0219i metoda de livrare joac\u0103 un rol important.<\/p>\n<p>Av\u00e2nd parteneriate de lung\u0103 durat\u0103 cu importante companii de transport \u0219i de expediere a m\u0103rfurilor, suntem preg\u0103ti\u021bi s\u0103 v\u0103 oferim servicii pentru transportul interna\u021bional al m\u0103rfurilor dumneavoastr\u0103. \u0218i poate fi vorba at\u00e2t de loturi mici, c\u00e2t \u0219i de containere complete.<\/p>\n<\/div>\n<\/div><\/div><\/div><div id=\"pgc-2969-0-1\"  class=\"panel-grid-cell\" ><div id=\"panel-2969-0-1-0\" class=\"so-panel widget widget_sow-editor panel-first-child panel-last-child\" data-index=\"1\" ><div\n\t\t\t\n\t\t\tclass=\"so-widget-sow-editor so-widget-sow-editor-base\"\n\t\t\t\n\t\t>\n<div class=\"siteorigin-widget-tinymce textwidget\">\n\t<p><img loading=\"lazy\" decoding=\"async\" class=\"alignnone wp-image-2849 size-full\" src=\"https:\/\/vitguardgroup.com\/wp-content\/uploads\/2025\/06\/truck.jpg\" alt=\"International transportation\" width=\"800\" height=\"449\" \/><\/p>\n<\/div>\n<\/div><\/div><\/div><\/div><\/div>","protected":false},"excerpt":{"rendered":"<p>We are ready to offer services for international transportation of your cargo. And, it can be both small consignments and full containers.<\/p>\n","protected":false},"author":1,"featured_media":3056,"parent":2973,"menu_order":0,"comment_status":"closed","ping_status":"open","template":"","meta":{"_acf_changed":false,"footnotes":""},"acf":[],"aioseo_notices":[],"_links":{"self":[{"href":"https:\/\/vitguardgroup.com\/ro\/wp-json\/wp\/v2\/pages\/2969"}],"collection":[{"href":"https:\/\/vitguardgroup.com\/ro\/wp-json\/wp\/v2\/pages"}],"about":[{"href":"https:\/\/vitguardgroup.com\/ro\/wp-json\/wp\/v2\/types\/page"}],"author":[{"embeddable":true,"href":"https:\/\/vitguardgroup.com\/ro\/wp-json\/wp\/v2\/users\/1"}],"replies":[{"embeddable":true,"href":"https:\/\/vitguardgroup.com\/ro\/wp-json\/wp\/v2\/comments?post=2969"}],"version-history":[{"count":2,"href":"https:\/\/vitguardgroup.com\/ro\/wp-json\/wp\/v2\/pages\/2969\/revisions"}],"predecessor-version":[{"id":3058,"href":"https:\/\/vitguardgroup.com\/ro\/wp-json\/wp\/v2\/pages\/2969\/revisions\/3058"}],"up":[{"embeddable":true,"href":"https:\/\/vitguardgroup.com\/ro\/wp-json\/wp\/v2\/pages\/2973"}],"wp:featuredmedia":[{"embeddable":true,"href":"https:\/\/vitguardgroup.com\/ro\/wp-json\/wp\/v2\/media\/3056"}],"wp:attachment":[{"href":"https:\/\/vitguardgroup.com\/ro\/wp-json\/wp\/v2\/media?parent=2969"}],"curies":[{"name":"wp","href":"https:\/\/api.w.org\/{rel}","templated":true}]}}