{"id":2968,"date":"2014-10-24T11:30:58","date_gmt":"2014-10-24T08:30:58","guid":{"rendered":"https:\/\/vitguardgroup.com\/about-us\/"},"modified":"2025-06-03T18:30:26","modified_gmt":"2025-06-03T15:30:26","slug":"despre-companie","status":"publish","type":"page","link":"https:\/\/vitguardgroup.com\/ro\/despre-companie\/","title":{"rendered":"Despre companie"},"content":{"rendered":"<div id=\"pl-2968\"  class=\"panel-layout\" ><div id=\"pg-2968-0\"  class=\"panel-grid panel-no-style\" ><div id=\"pgc-2968-0-0\"  class=\"panel-grid-cell\" ><div id=\"panel-2968-0-0-0\" class=\"so-panel widget widget_sow-editor panel-first-child panel-last-child\" data-index=\"0\" ><div\n\t\t\t\n\t\t\tclass=\"so-widget-sow-editor so-widget-sow-editor-base\"\n\t\t\t\n\t\t>\n<div class=\"siteorigin-widget-tinymce textwidget\">\n\t<p>VITGUARD GROUP SRL este o companie care reune\u0219te profesioni\u0219ti cu mul\u021bi ani de experien\u021b\u0103 \u00een domeniul comer\u021bului exterior. \u00cen cadrul autoriza\u021biilor speciale, societatea este intermediar \u00een organizarea de proiecte legate de produse \u0219i servicii, inclusiv cele cu destina\u021bie special\u0103. Toate licen\u021bele \u0219i autoriza\u021biile legate de transferul de produse cu destina\u021bie special\u0103 sunt eliberate de Ministerul Afacerilor Externe prin intermediul Departamentului de control al exporturilor, care este autoritatea na\u021bional\u0103 de control al exporturilor, importurilor \u0219i altor opera\u021biuni cu produse militare \u0219i cu dubl\u0103 utilizare \u0219i este responsabil\u0103 de punerea \u00een aplicare a politicii de stat \u00een acest domeniu.<\/p>\n<p>VITGUARD GROUP SRL este specializat\u0103 \u00een organizarea exporturilor \u0219i importurilor de produse, tehnologii \u0219i servicii, inclusiv cele din industria de ap\u0103rare \u0219i constructoare de ma\u0219ini, precum \u0219i cele ale produc\u0103torilor din Europa, SUA \u0219i din \u00eentreaga lume.<\/p>\n<p><strong>Cooperarea interna\u021bional\u0103:<\/strong><\/p>\n<p>VITGUARD GROUP SRL are o experien\u021b\u0103 destul de vast\u0103 \u00een executarea de proiecte de diferite tipuri \u0219i complexit\u0103\u021bi. VITGUARD GROUP SRL \u00eentre\u021bine rela\u021bii bune cu institu\u021bii publice din diferite \u021b\u0103ri ale lumii. Proiectele comune cu companii str\u0103ine \u00een domeniul industrial \u0219i \u00een alte domenii sunt considerate o prioritate a politicii companiei.<\/p>\n<p>Activitatea companiei se bazeaz\u0103 pe o abordare orientat\u0103 spre client \u0219i pe posibilitatea de a utiliza o re\u021bea unic\u0103 de contacte cu \u00eentreprinderi, procese de \u00eenalt\u0103 calitate \u00een domeniul achizi\u021biilor publice prin intermediul unei re\u021bele de parteneri la nivel interna\u021bional \u0219i a unei echipe de exper\u021bi de cea mai \u00eenalt\u0103 calificare.<\/p>\n<p>Oferim strategii simple care ne permit s\u0103 utiliz\u0103m solu\u021bii cheie pentru nevoile diverse ale clien\u021bilor no\u0219tri.<\/p>\n<p>VITGUARD GROUP SRL ofer\u0103 clien\u021bilor s\u0103i o gam\u0103 larg\u0103 de servicii \u00een domeniul activit\u0103\u021bii economice externe.<\/p>\n<p>\u00centr-o situa\u021bie economic\u0103 \u0219i politic\u0103 \u00een continu\u0103 schimbare, afacerile care urm\u0103resc dezvoltarea eficient\u0103 \u0219i bun\u0103starea financiar\u0103 sunt obligate s\u0103 reac\u021bioneze rapid \u0219i competent la condi\u021biile \u00een continu\u0103 schimbare.<\/p>\n<p>Pentru \u00eentreprinderile angajate \u00een activit\u0103\u021bi de comer\u021b exterior, acest lucru este deosebit de relevant.<\/p>\n<p>La urma urmei, pentru o livrare reu\u0219it\u0103 este necesar s\u0103 se combine logistica, vama, taxele, impozitele, aspectele juridice \u0219i alte componente.<\/p>\n<p>Noi \u00een\u021belegem nevoile clien\u021bilor no\u0219tri, deoarece avem o experien\u021b\u0103 vast\u0103 \u00een comer\u021bul cu parteneri din \u00eentreaga lume.<\/p>\n<\/div>\n<\/div><\/div><\/div><div id=\"pgc-2968-0-1\"  class=\"panel-grid-cell\" ><div id=\"panel-2968-0-1-0\" class=\"so-panel widget widget_sow-editor panel-first-child panel-last-child\" data-index=\"1\" ><div\n\t\t\t\n\t\t\tclass=\"so-widget-sow-editor so-widget-sow-editor-base\"\n\t\t\t\n\t\t>\n<div class=\"siteorigin-widget-tinymce textwidget\">\n\t<p><img loading=\"lazy\" decoding=\"async\" class=\"alignnone wp-image-2776 size-full\" src=\"https:\/\/vitguardgroup.com\/wp-content\/uploads\/2025\/06\/export-import.jpg\" alt=\"Export-Import\" width=\"640\" height=\"462\" \/><\/p>\n<p><img loading=\"lazy\" decoding=\"async\" class=\"alignnone wp-image-2880 size-full\" src=\"https:\/\/vitguardgroup.com\/wp-content\/uploads\/2025\/06\/meet_cr.jpg\" alt=\"Import&amp;Export consulting\" width=\"640\" height=\"427\" \/><\/p>\n<\/div>\n<\/div><\/div><\/div><\/div><\/div>","protected":false},"excerpt":{"rendered":"<p>VITGUARD GROUP SRL este o companie care reune\u0219te profesioni\u0219ti cu mul\u021bi ani de experien\u021b\u0103 \u00een domeniul comer\u021bului exterior. \u00cen cadrul autoriza\u021biilor speciale, societatea este intermediar \u00een organizarea de proiecte legate de produse \u0219i servicii, inclusiv cele cu destina\u021bie special\u0103. Toate licen\u021bele \u0219i autoriza\u021biile legate de transferul de produse cu destina\u021bie special\u0103 sunt eliberate de Ministerul &hellip;<\/p>\n","protected":false},"author":1,"featured_media":0,"parent":0,"menu_order":0,"comment_status":"closed","ping_status":"closed","template":"","meta":{"_acf_changed":false,"footnotes":""},"acf":[],"aioseo_notices":[],"_links":{"self":[{"href":"https:\/\/vitguardgroup.com\/ro\/wp-json\/wp\/v2\/pages\/2968"}],"collection":[{"href":"https:\/\/vitguardgroup.com\/ro\/wp-json\/wp\/v2\/pages"}],"about":[{"href":"https:\/\/vitguardgroup.com\/ro\/wp-json\/wp\/v2\/types\/page"}],"author":[{"embeddable":true,"href":"https:\/\/vitguardgroup.com\/ro\/wp-json\/wp\/v2\/users\/1"}],"replies":[{"embeddable":true,"href":"https:\/\/vitguardgroup.com\/ro\/wp-json\/wp\/v2\/comments?post=2968"}],"version-history":[{"count":5,"href":"https:\/\/vitguardgroup.com\/ro\/wp-json\/wp\/v2\/pages\/2968\/revisions"}],"predecessor-version":[{"id":3075,"href":"https:\/\/vitguardgroup.com\/ro\/wp-json\/wp\/v2\/pages\/2968\/revisions\/3075"}],"wp:attachment":[{"href":"https:\/\/vitguardgroup.com\/ro\/wp-json\/wp\/v2\/media?parent=2968"}],"curies":[{"name":"wp","href":"https:\/\/api.w.org\/{rel}","templated":true}]}}