{"id":2966,"date":"2024-02-27T17:43:02","date_gmt":"2024-02-27T14:43:02","guid":{"rendered":"https:\/\/vitguardgroup.com\/confidentiality-and-protection-of-information\/"},"modified":"2024-03-05T14:11:44","modified_gmt":"2024-03-05T11:11:44","slug":"confidentialitatea-si-protectia-informatiilor","status":"publish","type":"page","link":"https:\/\/vitguardgroup.com\/ro\/confidentialitatea-si-protectia-informatiilor\/","title":{"rendered":"Confiden\u021bialitatea \u0219i protec\u021bia informa\u021biilor"},"content":{"rendered":"<div id=\"pl-2966\"  class=\"panel-layout\" ><div id=\"pg-2966-0\"  class=\"panel-grid panel-no-style\" ><div id=\"pgc-2966-0-0\"  class=\"panel-grid-cell\" ><div id=\"panel-2966-0-0-0\" class=\"so-panel widget widget_sow-editor panel-first-child panel-last-child\" data-index=\"0\" ><div\n\t\t\t\n\t\t\tclass=\"so-widget-sow-editor so-widget-sow-editor-base\"\n\t\t\t\n\t\t>\n<div class=\"siteorigin-widget-tinymce textwidget\">\n\t<ol>\n<li>Datele cu caracter personal ale Utilizatorului sunt prelucrate \u00een conformitate cu Legisla\u021bia rom\u00e2n\u0103 \"Cu privire la datele cu caracter personal\".<\/li>\n<li>Atunci c\u00e2nd trimite o cerere pe Site, Utilizatorul furnizeaz\u0103 urm\u0103toarele informa\u021bii: Nume, Prenume, num\u0103r de telefon de contact, adres\u0103 de e-mail.<\/li>\n<li>Prin furnizarea datelor sale cu caracter personal c\u0103tre Companie, Vizitatorul\/Utilizatorul Site-ului este de acord cu prelucrarea acestora de c\u0103tre Companie, inclusiv \u00een scopul \u00eendeplinirii obliga\u021biilor Companiei fa\u021b\u0103 de Vizitatorul\/Utilizatorul Site-ului \u00een cadrul acestei Oferte Publice, promov\u0103rii serviciilor de c\u0103tre Companie, suportului pentru clien\u021bi, monitoriz\u0103rii gradului de satisfac\u021bie a Vizitatorului\/Utilizatorului Site-ului, precum \u0219i a calit\u0103\u021bii serviciilor furnizate de c\u0103tre Companie.<\/li>\n<li>Prelucrarea datelor cu caracter personal \u00eenseamn\u0103 orice ac\u021biune (opera\u021biune) sau un set de ac\u021biuni (opera\u021biuni) efectuate cu utilizarea mijloacelor de automatizare sau f\u0103r\u0103 utilizarea unor astfel de mijloace cu date cu caracter personal, inclusiv colectarea, \u00eenregistrarea, sistematizarea, acumularea, stocarea, clarificarea (actualizarea, modificarea) extragerea, utilizarea, transferul (inclusiv transferul c\u0103tre ter\u021bi, f\u0103r\u0103 a exclude transferul transfrontalier, dac\u0103 necesitatea acestuia a ap\u0103rut \u00een cursul \u00eendeplinirii obliga\u021biilor), depersonalizarea, blocarea, \u0219tergerea, distrugerea datelor cu caracter personal (inclusiv transferul c\u0103tre ter\u021bi, f\u0103r\u0103 a exclude transferul transfrontalier, dac\u0103 necesitatea acestuia a ap\u0103rut \u00een cursul \u00eendeplinirii obliga\u021biilor), depersonalizarea, blocarea, \u0219tergerea, eliminarea, distrugerea datelor cu caracter personal (inclusiv transferul c\u0103tre ter\u021bi, f\u0103r\u0103 a exclude transferul transfrontalier, dac\u0103 necesitatea acestuia a ap\u0103rut \u00een cursul \u00eendeplinirii obliga\u021biilor).<\/li>\n<li>Revocarea consim\u021b\u0103m\u00e2ntului pentru prelucrarea datelor cu caracter personal se realizeaz\u0103 prin revocarea accept\u0103rii prezentei Oferte Publice \u00een formularul.<\/li>\n<li>V\u00e2nz\u0103torul poate utiliza tehnologia \"cookies\". \"Cookie-urile\" nu con\u021bin informa\u021bii confiden\u021biale. Vizitatorul\/Utilizatorul consimte prin prezenta la colectarea, analiza \u0219i utilizarea \"cookie-urilor\", inclusiv de c\u0103tre ter\u021bi, \u00een scopul gener\u0103rii de statistici \u0219i al optimiz\u0103rii mesajelor publicitare.<\/li>\n<li>V\u00e2nz\u0103torul prime\u0219te informa\u021bii despre adresa ip a vizitatorului site-ului <strong>https:\/\/vitguardgroup.com\/.<\/strong><\/li>\n<li>. Aceste informa\u021bii nu sunt utilizate pentru a stabili identitatea vizitatorului.<\/li>\n<li>Compania nu este responsabil\u0103 pentru informa\u021biile furnizate de c\u0103tre Utilizator pe Site \u00eentr-o form\u0103 disponibil\u0103 publicului.<\/li>\n<li>Compania are dreptul de a \u00eenregistra conversa\u021biile telefonice cu Utilizatorul. Totodat\u0103, Compania se oblig\u0103 s\u0103: previn\u0103 tentativele de acces neautorizat la informa\u021biile ob\u021binute \u00een timpul conversa\u021biilor telefonice \u0219i\/sau transferul acestora c\u0103tre ter\u021bi care nu au leg\u0103tur\u0103 direct\u0103 cu prestarea Serviciilor, \u00een conformitate cu prevederile Legii rom\u00e2ne\u0219ti privind tehnologia informa\u021biei, tehnologia informa\u021biei \u0219i protec\u021bia informa\u021biilor.<\/li>\n<\/ol>\n<\/div>\n<\/div><\/div><\/div><\/div><\/div>","protected":false},"excerpt":{"rendered":"<p>Datele cu caracter personal ale Utilizatorului sunt prelucrate \u00een conformitate cu Legisla\u021bia rom\u00e2n\u0103 &#8222;Cu privire la datele cu caracter personal&#8221;. Atunci c\u00e2nd trimite o cerere pe Site, Utilizatorul furnizeaz\u0103 urm\u0103toarele informa\u021bii: Nume, Prenume, num\u0103r de telefon de contact, adres\u0103 de e-mail. Prin furnizarea datelor sale cu caracter personal c\u0103tre Companie, Vizitatorul\/Utilizatorul Site-ului este de acord &hellip;<\/p>\n","protected":false},"author":1,"featured_media":0,"parent":0,"menu_order":0,"comment_status":"closed","ping_status":"closed","template":"","meta":{"_acf_changed":false,"footnotes":""},"acf":[],"aioseo_notices":[],"_links":{"self":[{"href":"https:\/\/vitguardgroup.com\/ro\/wp-json\/wp\/v2\/pages\/2966"}],"collection":[{"href":"https:\/\/vitguardgroup.com\/ro\/wp-json\/wp\/v2\/pages"}],"about":[{"href":"https:\/\/vitguardgroup.com\/ro\/wp-json\/wp\/v2\/types\/page"}],"author":[{"embeddable":true,"href":"https:\/\/vitguardgroup.com\/ro\/wp-json\/wp\/v2\/users\/1"}],"replies":[{"embeddable":true,"href":"https:\/\/vitguardgroup.com\/ro\/wp-json\/wp\/v2\/comments?post=2966"}],"version-history":[{"count":1,"href":"https:\/\/vitguardgroup.com\/ro\/wp-json\/wp\/v2\/pages\/2966\/revisions"}],"predecessor-version":[{"id":2986,"href":"https:\/\/vitguardgroup.com\/ro\/wp-json\/wp\/v2\/pages\/2966\/revisions\/2986"}],"wp:attachment":[{"href":"https:\/\/vitguardgroup.com\/ro\/wp-json\/wp\/v2\/media?parent=2966"}],"curies":[{"name":"wp","href":"https:\/\/api.w.org\/{rel}","templated":true}]}}